{"id":2122,"date":"2020-12-08T03:53:12","date_gmt":"2020-12-08T03:53:12","guid":{"rendered":"https:\/\/www.marokkotrend.com\/?page_id=2122"},"modified":"2025-04-02T10:58:14","modified_gmt":"2025-04-02T10:58:14","slug":"a-propos-de-nous","status":"publish","type":"page","link":"https:\/\/www.marokkotrend.com\/fr\/a-propos-de-nous\/","title":{"rendered":"\u00c0 propos de nous"},"content":{"rendered":"\t\t<div data-elementor-type=\"wp-page\" data-elementor-id=\"2122\" class=\"elementor elementor-2122 elementor-21\" data-elementor-post-type=\"page\">\n\t\t\t\t\t\t<section class=\"elementor-section elementor-top-section elementor-element elementor-element-027b947 elementor-section-full_width elementor-section-height-default elementor-section-height-default row-top\" data-id=\"027b947\" data-element_type=\"section\">\n\t\t\t\t\t\t<div class=\"elementor-container elementor-column-gap-default\">\n\t\t\t\t\t<div class=\"elementor-column elementor-col-100 elementor-top-column elementor-element elementor-element-d0bf791\" data-id=\"d0bf791\" data-element_type=\"column\">\n\t\t\t<div class=\"elementor-widget-wrap elementor-element-populated\">\n\t\t\t\t\t\t<div class=\"elementor-element elementor-element-41e2072 elementor-widget elementor-widget-gva_post_breadcrumb\" data-id=\"41e2072\" data-element_type=\"widget\" data-widget_type=\"gva_post_breadcrumb.default\">\n\t\t\t\t<div class=\"elementor-widget-container\">\n\t\t\t<div class=\"gva-element-gva_post_breadcrumb gva-element\">   \r\n<div class=\"post-breadcrumb\">\r\n   <div class=\"custom-breadcrumb \" >\r\n            <div class=\"breadcrumb-main\">\r\n        <div class=\"container\">\r\n          <div class=\"breadcrumb-container-inner\">\r\n            <h2 class=\"heading-title\">\u00c0 propos de nous<\/h2><ol class=\"breadcrumb\"><li><a href=\"https:\/\/www.marokkotrend.com\/fr\/\">Home<\/a> <\/li> <li class=\"active\">Page<\/li><\/ol>          <\/div>  \r\n        <\/div>   \r\n      <\/div>  \r\n   <\/div>\r\n<\/div>      \r\n\r\n<\/div>\t\t<\/div>\n\t\t\t\t<\/div>\n\t\t\t\t\t<\/div>\n\t\t<\/div>\n\t\t\t\t\t<\/div>\n\t\t<\/section>\n\t\t\t\t<section class=\"elementor-section elementor-top-section elementor-element elementor-element-cfe9709 elementor-section-boxed elementor-section-height-default elementor-section-height-default row-top\" data-id=\"cfe9709\" data-element_type=\"section\">\n\t\t\t\t\t\t<div class=\"elementor-container elementor-column-gap-default\">\n\t\t\t\t\t<div class=\"elementor-column elementor-col-50 elementor-top-column elementor-element elementor-element-bdc7059\" data-id=\"bdc7059\" data-element_type=\"column\">\n\t\t\t<div class=\"elementor-widget-wrap elementor-element-populated\">\n\t\t\t\t\t\t<div class=\"elementor-element elementor-element-be60f00 elementor-widget elementor-widget-image\" data-id=\"be60f00\" data-element_type=\"widget\" data-widget_type=\"image.default\">\n\t\t\t\t<div class=\"elementor-widget-container\">\n\t\t\t<style>\/*! elementor - v3.19.0 - 07-02-2024 *\/\n.elementor-widget-image{text-align:center}.elementor-widget-image a{display:inline-block}.elementor-widget-image a img[src$=\".svg\"]{width:48px}.elementor-widget-image img{vertical-align:middle;display:inline-block}<\/style>\t\t\t\t\t\t\t\t\t\t<img fetchpriority=\"high\" decoding=\"async\" width=\"1200\" height=\"800\" src=\"https:\/\/www.marokkotrend.com\/wp-content\/uploads\/2023\/11\/unnamed.jpg\" class=\"attachment-full size-full wp-image-1213\" alt=\"\" srcset=\"https:\/\/www.marokkotrend.com\/wp-content\/uploads\/2023\/11\/unnamed.jpg 1200w, https:\/\/www.marokkotrend.com\/wp-content\/uploads\/2023\/11\/unnamed-1024x683.jpg 1024w, https:\/\/www.marokkotrend.com\/wp-content\/uploads\/2023\/11\/unnamed-768x512.jpg 768w\" sizes=\"(max-width: 1200px) 100vw, 1200px\" \/>\t\t\t\t\t\t\t\t\t\t\t\t\t<\/div>\n\t\t\t\t<\/div>\n\t\t\t\t\t<\/div>\n\t\t<\/div>\n\t\t\t\t<div class=\"elementor-column elementor-col-50 elementor-top-column elementor-element elementor-element-b600727\" data-id=\"b600727\" data-element_type=\"column\">\n\t\t\t<div class=\"elementor-widget-wrap elementor-element-populated\">\n\t\t\t\t\t\t<div class=\"elementor-element elementor-element-3ce9dddb elementor-widget elementor-widget-gva-heading-block\" data-id=\"3ce9dddb\" data-element_type=\"widget\" data-widget_type=\"gva-heading-block.default\">\n\t\t\t\t<div class=\"elementor-widget-container\">\n\t\t\t<div class=\"gva-element-gva-heading-block gva-element\">   <div class=\"align-left style-1 widget gsc-heading box-align-left auto-responsive\">\r\n      <div class=\"content-inner\">\r\n         \r\n                  \r\n                     <div class=\"sub-title\"><span>\u00c0 propos de nous<\/span><\/div>\r\n           \r\n         \r\n                     <h2 class=\"title\">\r\n               <span>Marokko Trend<\/span>\r\n            <\/h2>\r\n                              <div class=\"title-desc\">Notre \u00e9quipe Sahara Trend vient directement de M'Hamid Maroc et vous rapproche donc directement et authentiquement du beau pays avec son peuple sympathique et les merveilleux paysages naturels de cette r\u00e9gion.<\/div>\r\n         \r\n         \r\n      <\/div>\r\n   <\/div>\r\n<\/div>\t\t<\/div>\n\t\t\t\t<\/div>\n\t\t\t\t<div class=\"elementor-element elementor-element-531389f2 elementor-widget elementor-widget-progress\" data-id=\"531389f2\" data-element_type=\"widget\" data-widget_type=\"progress.default\">\n\t\t\t\t<div class=\"elementor-widget-container\">\n\t\t\t<style>\/*! elementor - v3.19.0 - 07-02-2024 *\/\n.elementor-widget-progress{text-align:left}.elementor-progress-wrapper{position:relative;background-color:#eee;color:#fff;height:100%;border-radius:2px}.elementor-progress-bar{display:flex;background-color:#69727d;width:0;font-size:11px;height:30px;line-height:30px;border-radius:2px;transition:width 1s ease-in-out}.elementor-progress-text{flex-grow:1;white-space:nowrap;text-overflow:ellipsis;overflow:hidden;padding-left:15px}.elementor-progress-percentage{padding-right:15px}.elementor-widget-progress .elementor-progress-wrapper.progress-info .elementor-progress-bar{background-color:#5bc0de}.elementor-widget-progress .elementor-progress-wrapper.progress-success .elementor-progress-bar{background-color:#5cb85c}.elementor-widget-progress .elementor-progress-wrapper.progress-warning .elementor-progress-bar{background-color:#f0ad4e}.elementor-widget-progress .elementor-progress-wrapper.progress-danger .elementor-progress-bar{background-color:#d9534f}.elementor-progress .elementor-title{display:block}@media (max-width:767px){.elementor-progress-text{padding-left:10px}}.e-con-inner .elementor-progress-wrapper,.e-con .elementor-progress-wrapper{height:auto}<\/style>\t\t\t<span class=\"elementor-title\" id=\"elementor-progress-bar-531389f2\">\n\t\t\t\tMeilleurs services\t\t\t<\/span>\n\t\t\n\t\t<div aria-labelledby=\"elementor-progress-bar-531389f2\" class=\"elementor-progress-wrapper\" role=\"progressbar\" aria-valuemin=\"0\" aria-valuemax=\"100\" aria-valuenow=\"88\">\n\t\t\t<div class=\"elementor-progress-bar\" data-max=\"88\">\n\t\t\t\t<span class=\"elementor-progress-text\"><\/span>\n\t\t\t\t\t\t\t\t\t<span class=\"elementor-progress-percentage\">88%<\/span>\n\t\t\t\t\t\t\t<\/div>\n\t\t<\/div>\n\t\t\t\t<\/div>\n\t\t\t\t<\/div>\n\t\t\t\t<div class=\"elementor-element elementor-element-6cfc9f7 elementor-widget elementor-widget-progress\" data-id=\"6cfc9f7\" data-element_type=\"widget\" data-widget_type=\"progress.default\">\n\t\t\t\t<div class=\"elementor-widget-container\">\n\t\t\t\t\t\t<span class=\"elementor-title\" id=\"elementor-progress-bar-6cfc9f7\">\n\t\t\t\tOrganisateur de voyages\t\t\t<\/span>\n\t\t\n\t\t<div aria-labelledby=\"elementor-progress-bar-6cfc9f7\" class=\"elementor-progress-wrapper\" role=\"progressbar\" aria-valuemin=\"0\" aria-valuemax=\"100\" aria-valuenow=\"75\">\n\t\t\t<div class=\"elementor-progress-bar\" data-max=\"75\">\n\t\t\t\t<span class=\"elementor-progress-text\"><\/span>\n\t\t\t\t\t\t\t\t\t<span class=\"elementor-progress-percentage\">75%<\/span>\n\t\t\t\t\t\t\t<\/div>\n\t\t<\/div>\n\t\t\t\t<\/div>\n\t\t\t\t<\/div>\n\t\t\t\t\t<\/div>\n\t\t<\/div>\n\t\t\t\t\t<\/div>\n\t\t<\/section>\n\t\t\t\t<section class=\"elementor-section elementor-top-section elementor-element elementor-element-b74e401 bg-row-theme elementor-section-boxed elementor-section-height-default elementor-section-height-default row-top\" data-id=\"b74e401\" data-element_type=\"section\" data-settings=\"{&quot;background_background&quot;:&quot;classic&quot;}\">\n\t\t\t\t\t\t<div class=\"elementor-container elementor-column-gap-default\">\n\t\t\t\t\t<div class=\"elementor-column elementor-col-50 elementor-top-column elementor-element elementor-element-8bfc06c\" data-id=\"8bfc06c\" data-element_type=\"column\">\n\t\t\t<div class=\"elementor-widget-wrap elementor-element-populated\">\n\t\t\t\t\t\t<div class=\"elementor-element elementor-element-c3d005f elementor-widget__width-initial elementor-widget elementor-widget-gva-heading-block\" data-id=\"c3d005f\" data-element_type=\"widget\" data-widget_type=\"gva-heading-block.default\">\n\t\t\t\t<div class=\"elementor-widget-container\">\n\t\t\t<div class=\"gva-element-gva-heading-block gva-element\">   <div class=\"align-left style-1 widget gsc-heading box-align-left auto-responsive\">\r\n      <div class=\"content-inner\">\r\n         \r\n                  \r\n                     <div class=\"sub-title\"><span>Planifiez votre voyage avec nous<\/span><\/div>\r\n           \r\n         \r\n                     <h2 class=\"title\">\r\n               <span>Pr\u00eat pour une visite inoubliable ?<\/span>\r\n            <\/h2>\r\n                  \r\n         \r\n      <\/div>\r\n   <\/div>\r\n<\/div>\t\t<\/div>\n\t\t\t\t<\/div>\n\t\t\t\t\t<\/div>\n\t\t<\/div>\n\t\t\t\t<div class=\"elementor-column elementor-col-50 elementor-top-column elementor-element elementor-element-7263e67\" data-id=\"7263e67\" data-element_type=\"column\">\n\t\t\t<div class=\"elementor-widget-wrap elementor-element-populated\">\n\t\t\t\t\t\t<div class=\"elementor-element elementor-element-8d01887 elementor-widget__width-auto elementor-widget elementor-widget-html\" data-id=\"8d01887\" data-element_type=\"widget\" data-widget_type=\"html.default\">\n\t\t\t\t<div class=\"elementor-widget-container\">\n\t\t\t<a class=\"btn-black btn-medium\" href=\"https:\/\/www.marokkotrend.com\/fr\/contact\/\">\n   R\u00e9server maintenant\n<\/a>\t\t<\/div>\n\t\t\t\t<\/div>\n\t\t\t\t\t<\/div>\n\t\t<\/div>\n\t\t\t\t\t<\/div>\n\t\t<\/section>\n\t\t\t\t<section class=\"elementor-section elementor-top-section elementor-element elementor-element-1664fb4 elementor-section-boxed elementor-section-height-default elementor-section-height-default row-top\" data-id=\"1664fb4\" data-element_type=\"section\">\n\t\t\t\t\t\t<div class=\"elementor-container elementor-column-gap-default\">\n\t\t\t\t\t<div class=\"elementor-column elementor-col-50 elementor-top-column elementor-element elementor-element-ccbfe53\" data-id=\"ccbfe53\" data-element_type=\"column\">\n\t\t\t<div class=\"elementor-widget-wrap elementor-element-populated\">\n\t\t\t\t\t\t<div class=\"elementor-element elementor-element-f5e4219 elementor-widget elementor-widget-image\" data-id=\"f5e4219\" data-element_type=\"widget\" data-widget_type=\"image.default\">\n\t\t\t\t<div class=\"elementor-widget-container\">\n\t\t\t\t\t\t\t\t\t\t\t\t\t<img decoding=\"async\" width=\"900\" height=\"600\" src=\"https:\/\/www.marokkotrend.com\/wp-content\/uploads\/2023\/11\/DSC_9851-1024x683.jpg\" class=\"attachment-large size-large wp-image-1164\" alt=\"\" srcset=\"https:\/\/www.marokkotrend.com\/wp-content\/uploads\/2023\/11\/DSC_9851-1024x683.jpg 1024w, https:\/\/www.marokkotrend.com\/wp-content\/uploads\/2023\/11\/DSC_9851-768x512.jpg 768w\" sizes=\"(max-width: 900px) 100vw, 900px\" \/>\t\t\t\t\t\t\t\t\t\t\t\t\t<\/div>\n\t\t\t\t<\/div>\n\t\t\t\t\t<\/div>\n\t\t<\/div>\n\t\t\t\t<div class=\"elementor-column elementor-col-50 elementor-top-column elementor-element elementor-element-5f81141\" data-id=\"5f81141\" data-element_type=\"column\">\n\t\t\t<div class=\"elementor-widget-wrap elementor-element-populated\">\n\t\t\t\t\t\t<div class=\"elementor-element elementor-element-40a6094 elementor-widget elementor-widget-gva-heading-block\" data-id=\"40a6094\" data-element_type=\"widget\" data-widget_type=\"gva-heading-block.default\">\n\t\t\t\t<div class=\"elementor-widget-container\">\n\t\t\t<div class=\"gva-element-gva-heading-block gva-element\">   <div class=\"align-center style-1 widget gsc-heading box-align-left auto-responsive\">\r\n      <div class=\"content-inner\">\r\n         \r\n                  \r\n                     <div class=\"sub-title\"><span>Sahara Marokko Trend<\/span><\/div>\r\n           \r\n         \r\n                              <div class=\"title-desc\">Le Sahara s'\u00e9tend dans son \u00e9tendue sans fin, dune de sable sur dune de sable, ciel, soleil, lune et \u00e9toiles. Ce sont les richesses du d\u00e9sert - le coucher ou le lever du soleil au d\u00e9but d'un nouveau jour, la chaleur du midi ou le refroidissement des temp\u00e9ratures en soir\u00e9e, lorsque les dunes refl\u00e8tent des teintes incomparables ou lorsque vous marchez \u00e0 dos de chameau au rythme de la vie des nomades du Sahara actions.<\/div>\r\n         \r\n         \r\n      <\/div>\r\n   <\/div>\r\n<\/div>\t\t<\/div>\n\t\t\t\t<\/div>\n\t\t\t\t\t<\/div>\n\t\t<\/div>\n\t\t\t\t\t<\/div>\n\t\t<\/section>\n\t\t\t\t<section class=\"elementor-section elementor-top-section elementor-element elementor-element-837477c elementor-section-boxed elementor-section-height-default elementor-section-height-default row-top\" data-id=\"837477c\" data-element_type=\"section\">\n\t\t\t\t\t\t<div class=\"elementor-container elementor-column-gap-default\">\n\t\t\t\t\t<div class=\"elementor-column elementor-col-50 elementor-top-column elementor-element elementor-element-5e98c57\" data-id=\"5e98c57\" data-element_type=\"column\">\n\t\t\t<div class=\"elementor-widget-wrap elementor-element-populated\">\n\t\t\t\t\t\t<div class=\"elementor-element elementor-element-43f28c4 elementor-widget elementor-widget-gva-heading-block\" data-id=\"43f28c4\" data-element_type=\"widget\" data-widget_type=\"gva-heading-block.default\">\n\t\t\t\t<div class=\"elementor-widget-container\">\n\t\t\t<div class=\"gva-element-gva-heading-block gva-element\">   <div class=\"align-center style-1 widget gsc-heading box-align-left auto-responsive\">\r\n      <div class=\"content-inner\">\r\n         \r\n                  \r\n                     <div class=\"sub-title\"><span>Maroc randonn\u00e9e du d\u00e9sert<\/span><\/div>\r\n           \r\n         \r\n                              <div class=\"title-desc\">Par cons\u00e9quent, notre offre de voyage se concentre sur les visites ax\u00e9es sur les visites du d\u00e9sert dans la r\u00e9gion de M'Hamid Zagora. Vous trouverez ici le paysage de dunes le plus grand et le plus \u00e9lev\u00e9 du Maroc, facilement accessible en jeep apr\u00e8s un long voyage \u00e0 travers diff\u00e9rentes formations d\u00e9sertiques de M'Hamid. Bien s\u00fbr, vous pouvez \u00e9galement vous y rendre \u00e0 pied ou \u00e0 dos de chameau. Et apr\u00e8s cela, vous pouvez continuer sur un trekking \u00e0 dos de chameau ou une randonn\u00e9e \u00e0 travers le magnifique paysage de dunes du Sahara \u00e0 couper le souffle.<\/div>\r\n         \r\n         \r\n      <\/div>\r\n   <\/div>\r\n<\/div>\t\t<\/div>\n\t\t\t\t<\/div>\n\t\t\t\t\t<\/div>\n\t\t<\/div>\n\t\t\t\t<div class=\"elementor-column elementor-col-50 elementor-top-column elementor-element elementor-element-2c391e7\" data-id=\"2c391e7\" data-element_type=\"column\">\n\t\t\t<div class=\"elementor-widget-wrap elementor-element-populated\">\n\t\t\t\t\t\t<div class=\"elementor-element elementor-element-4d946f2 elementor-widget elementor-widget-image\" data-id=\"4d946f2\" data-element_type=\"widget\" data-widget_type=\"image.default\">\n\t\t\t\t<div class=\"elementor-widget-container\">\n\t\t\t\t\t\t\t\t\t\t\t\t\t<img decoding=\"async\" width=\"900\" height=\"438\" src=\"https:\/\/www.marokkotrend.com\/wp-content\/uploads\/2023\/11\/20190311_182523-1024x498.jpg\" class=\"attachment-large size-large wp-image-1316\" alt=\"\" srcset=\"https:\/\/www.marokkotrend.com\/wp-content\/uploads\/2023\/11\/20190311_182523-1024x498.jpg 1024w, https:\/\/www.marokkotrend.com\/wp-content\/uploads\/2023\/11\/20190311_182523-768x373.jpg 768w\" sizes=\"(max-width: 900px) 100vw, 900px\" \/>\t\t\t\t\t\t\t\t\t\t\t\t\t<\/div>\n\t\t\t\t<\/div>\n\t\t\t\t\t<\/div>\n\t\t<\/div>\n\t\t\t\t\t<\/div>\n\t\t<\/section>\n\t\t\t\t<section class=\"elementor-section elementor-top-section elementor-element elementor-element-5c724de2 elementor-section-boxed elementor-section-height-default elementor-section-height-default row-top\" data-id=\"5c724de2\" data-element_type=\"section\">\n\t\t\t\t\t\t<div class=\"elementor-container elementor-column-gap-default\">\n\t\t\t\t\t<div class=\"elementor-column elementor-col-100 elementor-top-column elementor-element elementor-element-a01c761\" data-id=\"a01c761\" data-element_type=\"column\">\n\t\t\t<div class=\"elementor-widget-wrap elementor-element-populated\">\n\t\t\t\t\t\t<div class=\"elementor-element elementor-element-1bb3b67f elementor-widget elementor-widget-heading\" data-id=\"1bb3b67f\" data-element_type=\"widget\" data-widget_type=\"heading.default\">\n\t\t\t\t<div class=\"elementor-widget-container\">\n\t\t\t<style>\/*! elementor - v3.19.0 - 07-02-2024 *\/\n.elementor-heading-title{padding:0;margin:0;line-height:1}.elementor-widget-heading .elementor-heading-title[class*=elementor-size-]>a{color:inherit;font-size:inherit;line-height:inherit}.elementor-widget-heading .elementor-heading-title.elementor-size-small{font-size:15px}.elementor-widget-heading .elementor-heading-title.elementor-size-medium{font-size:19px}.elementor-widget-heading .elementor-heading-title.elementor-size-large{font-size:29px}.elementor-widget-heading .elementor-heading-title.elementor-size-xl{font-size:39px}.elementor-widget-heading .elementor-heading-title.elementor-size-xxl{font-size:59px}<\/style><h2 class=\"elementor-heading-title elementor-size-default\">Notre Equipe<\/h2>\t\t<\/div>\n\t\t\t\t<\/div>\n\t\t\t\t<div class=\"elementor-element elementor-element-2db70e8e elementor-widget elementor-widget-gva-team\" data-id=\"2db70e8e\" data-element_type=\"widget\" data-widget_type=\"gva-team.default\">\n\t\t\t\t<div class=\"elementor-widget-container\">\n\t\t\t<div class=\"gva-element-gva-team gva-element\">\r\n<div class=\"gsc-team layout-grid\">\r\n   <div class=\"lg-block-grid-3 md-block-grid-3 sm-block-grid-2 xs-block-grid-1 xx-block-grid-1\">\r\n               <div class=\"item-columns\">\r\n            \r\n<div class=\"gsc-team-item\">\r\n\t\t\t<div class=\"team-image\">\r\n         <img decoding=\"async\" src=\"https:\/\/www.marokkotrend.com\/wp-content\/uploads\/2024\/02\/2f5f6159-a9d0-4607-ba7b-b5458cc0de21.jpg\" alt=\"\" \/>  \r\n\t\t\t<div class=\"socials-team\">\r\n\t\t\t\t\t\t\t\t\t\t\t\t\t\t\t\t\t\t\t<\/div>\r\n\t\t<\/div>\r\n\t\t\r\n   <div class=\"team-content\">\r\n\t\t\r\n\t\t\t\t\t<h3 class=\"team-name\">\r\n            Said   \r\n         <\/h3>\r\n\t\t\r\n\t\t\t\t\t<div class=\"team-job\">propri\u00e9taire<\/div>\r\n\t\t\r\n\t<\/div>\r\n<\/div>\t\t\r\n         <\/div>\r\n               <div class=\"item-columns\">\r\n            \r\n<div class=\"gsc-team-item\">\r\n\t\t\t<div class=\"team-image\">\r\n         <img decoding=\"async\" src=\"https:\/\/www.marokkotrend.com\/wp-content\/uploads\/2024\/02\/9aff108c-8d63-40c4-8d1b-c8fda05bc716.jpg\" alt=\"\" \/>  \r\n\t\t\t<div class=\"socials-team\">\r\n\t\t\t\t\t\t\t\t\t\t\t\t\t\t\t\t\t\t\t<\/div>\r\n\t\t<\/div>\r\n\t\t\r\n   <div class=\"team-content\">\r\n\t\t\r\n\t\t\t\t\t<h3 class=\"team-name\">\r\n            Mustapha   \r\n         <\/h3>\r\n\t\t\r\n\t\t\t\t\t<div class=\"team-job\">Guide<\/div>\r\n\t\t\r\n\t<\/div>\r\n<\/div>\t\t\r\n         <\/div>\r\n               <div class=\"item-columns\">\r\n            \r\n<div class=\"gsc-team-item\">\r\n\t\t\t<div class=\"team-image\">\r\n         <img decoding=\"async\" src=\"https:\/\/www.marokkotrend.com\/wp-content\/uploads\/2024\/02\/29a3476c-366f-49cd-811e-746ac8e3daa9.jpg\" alt=\"\" \/>  \r\n\t\t\t<div class=\"socials-team\">\r\n\t\t\t\t\t\t\t\t\t\t\t\t\t\t\t\t\t\t\t<\/div>\r\n\t\t<\/div>\r\n\t\t\r\n   <div class=\"team-content\">\r\n\t\t\r\n\t\t\t\t\t<h3 class=\"team-name\">\r\n            Zakaria   \r\n         <\/h3>\r\n\t\t\r\n\t\t\t\t\t<div class=\"team-job\">Chauffeur<\/div>\r\n\t\t\r\n\t<\/div>\r\n<\/div>\t\t\r\n         <\/div>\r\n               <div class=\"item-columns\">\r\n            \r\n<div class=\"gsc-team-item\">\r\n\t\t\t<div class=\"team-image\">\r\n         <img decoding=\"async\" src=\"https:\/\/www.marokkotrend.com\/wp-content\/uploads\/2024\/02\/9c3a4439-3b07-42d6-80e2-800db87cf775.jpg\" alt=\"\" \/>  \r\n\t\t\t<div class=\"socials-team\">\r\n\t\t\t\t\t\t\t\t\t\t\t\t\t\t\t\t\t\t\t<\/div>\r\n\t\t<\/div>\r\n\t\t\r\n   <div class=\"team-content\">\r\n\t\t\r\n\t\t\t\t\t<h3 class=\"team-name\">\r\n            Chrak & Brahim   \r\n         <\/h3>\r\n\t\t\r\n\t\t\t\t\t<div class=\"team-job\">Chamelier<\/div>\r\n\t\t\r\n\t<\/div>\r\n<\/div>\t\t\r\n         <\/div>\r\n               <div class=\"item-columns\">\r\n            \r\n<div class=\"gsc-team-item\">\r\n\t\t\t<div class=\"team-image\">\r\n         <img decoding=\"async\" src=\"https:\/\/www.marokkotrend.com\/wp-content\/uploads\/2024\/02\/47745f4f-9a14-48ce-8f05-794035048a99.jpg\" alt=\"\" \/>  \r\n\t\t\t<div class=\"socials-team\">\r\n\t\t\t\t\t\t\t\t\t\t\t\t\t\t\t\t\t\t\t<\/div>\r\n\t\t<\/div>\r\n\t\t\r\n   <div class=\"team-content\">\r\n\t\t\r\n\t\t\t\t\t<h3 class=\"team-name\">\r\n            Akram   \r\n         <\/h3>\r\n\t\t\r\n\t\t\t\t\t<div class=\"team-job\">Chamelier<\/div>\r\n\t\t\r\n\t<\/div>\r\n<\/div>\t\t\r\n         <\/div>\r\n               <div class=\"item-columns\">\r\n            \r\n<div class=\"gsc-team-item\">\r\n\t\t\t<div class=\"team-image\">\r\n         <img decoding=\"async\" src=\"https:\/\/www.marokkotrend.com\/wp-content\/uploads\/2025\/04\/WhatsApp-Image-2025-03-29-at-20.55.07.jpeg\" alt=\"\" \/>  \r\n\t\t\t<div class=\"socials-team\">\r\n\t\t\t\t\t\t\t\t\t\t\t\t\t\t\t\t\t\t\t<\/div>\r\n\t\t<\/div>\r\n\t\t\r\n   <div class=\"team-content\">\r\n\t\t\r\n\t\t\t\t\t<h3 class=\"team-name\">\r\n            Oussama   \r\n         <\/h3>\r\n\t\t\r\n\t\t\t\t\t<div class=\"team-job\">Chamelier<\/div>\r\n\t\t\r\n\t<\/div>\r\n<\/div>\t\t\r\n         <\/div>\r\n               <div class=\"item-columns\">\r\n            \r\n<div class=\"gsc-team-item\">\r\n\t\t\t<div class=\"team-image\">\r\n         <img decoding=\"async\" src=\"https:\/\/www.marokkotrend.com\/wp-content\/uploads\/2025\/04\/WhatsApp-Image-2025-03-31-at-22.13.57.jpeg\" alt=\"\" \/>  \r\n\t\t\t<div class=\"socials-team\">\r\n\t\t\t\t\t\t\t\t\t\t\t\t\t\t\t\t\t\t\t<\/div>\r\n\t\t<\/div>\r\n\t\t\r\n   <div class=\"team-content\">\r\n\t\t\r\n\t\t\t\t\t<h3 class=\"team-name\">\r\n            Lwali   \r\n         <\/h3>\r\n\t\t\r\n\t\t\t\t\t<div class=\"team-job\">Chamelier<\/div>\r\n\t\t\r\n\t<\/div>\r\n<\/div>\t\t\r\n         <\/div>\r\n         <\/div>   \r\n<\/div>\r\n<\/div>\t\t<\/div>\n\t\t\t\t<\/div>\n\t\t\t\t\t<\/div>\n\t\t<\/div>\n\t\t\t\t\t<\/div>\n\t\t<\/section>\n\t\t\t\t<section class=\"elementor-section elementor-top-section elementor-element elementor-element-490ad59 elementor-section-boxed elementor-section-height-default elementor-section-height-default\" data-id=\"490ad59\" data-element_type=\"section\" data-settings=\"{&quot;background_background&quot;:&quot;classic&quot;}\">\n\t\t\t\t\t\t<div class=\"elementor-container elementor-column-gap-default\">\n\t\t\t\t\t<div class=\"elementor-column elementor-col-100 elementor-top-column elementor-element elementor-element-15a9dcb\" data-id=\"15a9dcb\" data-element_type=\"column\">\n\t\t\t<div class=\"elementor-widget-wrap elementor-element-populated\">\n\t\t\t\t\t\t<div class=\"elementor-element elementor-element-ddc04b0 elementor-widget__width-initial elementor-widget elementor-widget-gva-heading-block\" data-id=\"ddc04b0\" data-element_type=\"widget\" data-widget_type=\"gva-heading-block.default\">\n\t\t\t\t<div class=\"elementor-widget-container\">\n\t\t\t<div class=\"gva-element-gva-heading-block gva-element\">   <div class=\"align-center style-1 widget gsc-heading box-align-left auto-responsive\">\r\n      <div class=\"content-inner\">\r\n         \r\n                  \r\n                     <div class=\"sub-title\"><span>Planifiez votre voyage avec nous<\/span><\/div>\r\n           \r\n         \r\n                     <h2 class=\"title\">\r\n               <span>La puissance du d\u00e9sert est extraordinaire et avec nous, vous sentirez l'esprit du d\u00e9sert - m\u00eame si ce n'est que pour quelques heures ou quelques jours.<\/span>\r\n            <\/h2>\r\n                  \r\n         \r\n      <\/div>\r\n   <\/div>\r\n<\/div>\t\t<\/div>\n\t\t\t\t<\/div>\n\t\t\t\t\t<\/div>\n\t\t<\/div>\n\t\t\t\t\t<\/div>\n\t\t<\/section>\n\t\t\t\t<\/div>\n\t\t","protected":false},"excerpt":{"rendered":"<p>\u00c0 propos de nous Home Seite \u00c0 propos de nous Marokko Trend Notre \u00e9quipe Sahara Trend vient directement de M&#8217;Hamid Maroc et vous rapproche donc directement et authentiquement du beau pays avec son peuple sympathique et les merveilleux paysages naturels de cette r\u00e9gion. Meilleurs services 88% Organisateur de voyages 75% Planifiez votre voyage avec nous [&hellip;]<\/p>\n","protected":false},"author":1,"featured_media":0,"parent":0,"menu_order":0,"comment_status":"closed","ping_status":"closed","template":"","meta":{"footnotes":""},"class_list":["post-2122","page","type-page","status-publish","hentry"],"aioseo_notices":[],"_links":{"self":[{"href":"https:\/\/www.marokkotrend.com\/fr\/wp-json\/wp\/v2\/pages\/2122","targetHints":{"allow":["GET"]}}],"collection":[{"href":"https:\/\/www.marokkotrend.com\/fr\/wp-json\/wp\/v2\/pages"}],"about":[{"href":"https:\/\/www.marokkotrend.com\/fr\/wp-json\/wp\/v2\/types\/page"}],"author":[{"embeddable":true,"href":"https:\/\/www.marokkotrend.com\/fr\/wp-json\/wp\/v2\/users\/1"}],"replies":[{"embeddable":true,"href":"https:\/\/www.marokkotrend.com\/fr\/wp-json\/wp\/v2\/comments?post=2122"}],"version-history":[{"count":16,"href":"https:\/\/www.marokkotrend.com\/fr\/wp-json\/wp\/v2\/pages\/2122\/revisions"}],"predecessor-version":[{"id":3462,"href":"https:\/\/www.marokkotrend.com\/fr\/wp-json\/wp\/v2\/pages\/2122\/revisions\/3462"}],"wp:attachment":[{"href":"https:\/\/www.marokkotrend.com\/fr\/wp-json\/wp\/v2\/media?parent=2122"}],"curies":[{"name":"wp","href":"https:\/\/api.w.org\/{rel}","templated":true}]}}