{"id":2244,"date":"2020-12-17T09:16:41","date_gmt":"2020-12-17T09:16:41","guid":{"rendered":"https:\/\/www.marokkotrend.com\/?page_id=2244"},"modified":"2023-12-08T07:44:42","modified_gmt":"2023-12-08T07:44:42","slug":"tarifs","status":"publish","type":"page","link":"https:\/\/www.marokkotrend.com\/fr\/tarifs\/","title":{"rendered":"Tarifs"},"content":{"rendered":"\t\t<div data-elementor-type=\"wp-page\" data-elementor-id=\"2244\" class=\"elementor elementor-2244 elementor-216\" data-elementor-post-type=\"page\">\n\t\t\t\t\t\t<section class=\"elementor-section elementor-top-section elementor-element elementor-element-36f7f7b elementor-section-full_width elementor-section-height-default elementor-section-height-default row-top\" data-id=\"36f7f7b\" data-element_type=\"section\">\n\t\t\t\t\t\t<div class=\"elementor-container elementor-column-gap-default\">\n\t\t\t\t\t<div class=\"elementor-column elementor-col-100 elementor-top-column elementor-element elementor-element-e6a981d\" data-id=\"e6a981d\" data-element_type=\"column\">\n\t\t\t<div class=\"elementor-widget-wrap elementor-element-populated\">\n\t\t\t\t\t\t<div class=\"elementor-element elementor-element-14610f8 elementor-widget elementor-widget-gva_post_breadcrumb\" data-id=\"14610f8\" data-element_type=\"widget\" data-widget_type=\"gva_post_breadcrumb.default\">\n\t\t\t\t<div class=\"elementor-widget-container\">\n\t\t\t<div class=\"gva-element-gva_post_breadcrumb gva-element\">   \r\n<div class=\"post-breadcrumb\">\r\n   <div class=\"custom-breadcrumb \" >\r\n            <div class=\"breadcrumb-main\">\r\n        <div class=\"container\">\r\n          <div class=\"breadcrumb-container-inner\">\r\n            <h2 class=\"heading-title\">Tarifs<\/h2><ol class=\"breadcrumb\"><li><a href=\"https:\/\/www.marokkotrend.com\/fr\/\">Home<\/a> <\/li> <li class=\"active\">Page<\/li><\/ol>          <\/div>  \r\n        <\/div>   \r\n      <\/div>  \r\n   <\/div>\r\n<\/div>      \r\n\r\n<\/div>\t\t<\/div>\n\t\t\t\t<\/div>\n\t\t\t\t\t<\/div>\n\t\t<\/div>\n\t\t\t\t\t<\/div>\n\t\t<\/section>\n\t\t\t\t<section class=\"elementor-section elementor-top-section elementor-element elementor-element-1e86725 elementor-section-boxed elementor-section-height-default elementor-section-height-default row-top\" data-id=\"1e86725\" data-element_type=\"section\">\n\t\t\t\t\t\t<div class=\"elementor-container elementor-column-gap-default\">\n\t\t\t\t\t<div class=\"elementor-column elementor-col-100 elementor-top-column elementor-element elementor-element-2008ce7\" data-id=\"2008ce7\" data-element_type=\"column\" data-settings=\"{&quot;background_background&quot;:&quot;classic&quot;}\">\n\t\t\t<div class=\"elementor-widget-wrap elementor-element-populated\">\n\t\t\t\t\t\t<div class=\"elementor-element elementor-element-dec9e09 elementor-widget elementor-widget-gva-heading-block\" data-id=\"dec9e09\" data-element_type=\"widget\" data-widget_type=\"gva-heading-block.default\">\n\t\t\t\t<div class=\"elementor-widget-container\">\n\t\t\t<div class=\"gva-element-gva-heading-block gva-element\">   <div class=\"align-left style-1 widget gsc-heading box-align-left auto-responsive\">\r\n      <div class=\"content-inner\">\r\n         \r\n                  \r\n                     <div class=\"sub-title\"><span>Marokko Trend<\/span><\/div>\r\n           \r\n         \r\n                     <h2 class=\"title\">\r\n               <span>Tarifs Marokko Trend<\/span>\r\n            <\/h2>\r\n                  \r\n         \r\n      <\/div>\r\n   <\/div>\r\n<\/div>\t\t<\/div>\n\t\t\t\t<\/div>\n\t\t\t\t<div class=\"elementor-element elementor-element-323d4c7 elementor-widget elementor-widget-text-editor\" data-id=\"323d4c7\" data-element_type=\"widget\" data-widget_type=\"text-editor.default\">\n\t\t\t\t<div class=\"elementor-widget-container\">\n\t\t\t<style>\/*! elementor - v3.19.0 - 07-02-2024 *\/\n.elementor-widget-text-editor.elementor-drop-cap-view-stacked .elementor-drop-cap{background-color:#69727d;color:#fff}.elementor-widget-text-editor.elementor-drop-cap-view-framed .elementor-drop-cap{color:#69727d;border:3px solid;background-color:transparent}.elementor-widget-text-editor:not(.elementor-drop-cap-view-default) .elementor-drop-cap{margin-top:8px}.elementor-widget-text-editor:not(.elementor-drop-cap-view-default) .elementor-drop-cap-letter{width:1em;height:1em}.elementor-widget-text-editor .elementor-drop-cap{float:left;text-align:center;line-height:1;font-size:50px}.elementor-widget-text-editor .elementor-drop-cap-letter{display:inline-block}<\/style>\t\t\t\t<p>Inclus dans le prix de Marokko Trend:<\/p><ul><li>D\u00e9part de l&#8217;a\u00e9roport et retour \u00e0 l&#8217;a\u00e9roport<\/li><li>transport et nourriture (petit-d\u00e9jeuner \/ d\u00e9jeuner \/ d\u00eener) pendant le circuit<\/li><li>transport en jeep ou minibus, chauffeur local, essence, assurance v\u00e9hicule<\/li><li>Tous les h\u00e9bergements en h\u00f4tels \/ riads \/ camping pendant le circuit<\/li><\/ul><p>H\u00e9bergement dans des tentes nomades typiques dans le camp avec petit-d\u00e9jeuner, d\u00e9jeuner et d\u00eener<\/p><ul><li>promenades en chameau<\/li><li>Chameaux avec le compagnon (guide expert, cuisinier, aide) pendant le trek \u00e0 dos de chameau<\/li><li>Mat\u00e9riel pour le trekking \u00e0 dos de chameau (tentes, matelas, couvertures, ustensiles de cuisine &#8230;)<\/li><li>Th\u00e9 avec ou sans menthe<\/li><\/ul><p>L&#8217;eau et les boissons (sans alcool et alcoolis\u00e9es) ne sont pas incluses dans le prix.<\/p><p>Pour les enfants jusqu&#8217;\u00e0 12 ans, il y a une r\u00e9duction de prix de 25%. Un enfant par famille (si l&#8217;enfant a moins de 5 ans) est gratuit. S&#8217;il vous pla\u00eet laissez-nous savoir si vous avez besoin d&#8217;un si\u00e8ge enfant. Pour les groupes avec enfants, nous vous demandons de nous contacter afin de mettre sur pied un programme sp\u00e9cialement adapt\u00e9 aux besoins des enfants.<\/p><p>Nos tarifs d\u00e9pendent de nombreuses conditions: la saison (principale ou non), les excursions, la dur\u00e9e du transport, les moyens de transport, le nombre de personnes enregistr\u00e9es et la dur\u00e9e du s\u00e9jour.<\/p><p>Tous nos circuits et treks peuvent \u00eatre modifi\u00e9s ou \u00e9tendus, veuillez nous contacter pour un devis personnalis\u00e9.<\/p>\t\t\t\t\t\t<\/div>\n\t\t\t\t<\/div>\n\t\t\t\t\t<\/div>\n\t\t<\/div>\n\t\t\t\t\t<\/div>\n\t\t<\/section>\n\t\t\t\t<\/div>\n\t\t","protected":false},"excerpt":{"rendered":"<p>Tarifs Home Seite Marokko Trend Tarifs Marokko Trend Inclus dans le prix de Marokko Trend: D\u00e9part de l&#8217;a\u00e9roport et retour \u00e0 l&#8217;a\u00e9roport transport et nourriture (petit-d\u00e9jeuner \/ d\u00e9jeuner \/ d\u00eener) pendant le circuit transport en jeep ou minibus, chauffeur local, essence, assurance v\u00e9hicule Tous les h\u00e9bergements en h\u00f4tels \/ riads \/ camping pendant le circuit [&hellip;]<\/p>\n","protected":false},"author":1,"featured_media":2827,"parent":0,"menu_order":0,"comment_status":"closed","ping_status":"closed","template":"","meta":{"footnotes":""},"class_list":["post-2244","page","type-page","status-publish","has-post-thumbnail","hentry"],"aioseo_notices":[],"_links":{"self":[{"href":"https:\/\/www.marokkotrend.com\/fr\/wp-json\/wp\/v2\/pages\/2244","targetHints":{"allow":["GET"]}}],"collection":[{"href":"https:\/\/www.marokkotrend.com\/fr\/wp-json\/wp\/v2\/pages"}],"about":[{"href":"https:\/\/www.marokkotrend.com\/fr\/wp-json\/wp\/v2\/types\/page"}],"author":[{"embeddable":true,"href":"https:\/\/www.marokkotrend.com\/fr\/wp-json\/wp\/v2\/users\/1"}],"replies":[{"embeddable":true,"href":"https:\/\/www.marokkotrend.com\/fr\/wp-json\/wp\/v2\/comments?post=2244"}],"version-history":[{"count":10,"href":"https:\/\/www.marokkotrend.com\/fr\/wp-json\/wp\/v2\/pages\/2244\/revisions"}],"predecessor-version":[{"id":2275,"href":"https:\/\/www.marokkotrend.com\/fr\/wp-json\/wp\/v2\/pages\/2244\/revisions\/2275"}],"wp:featuredmedia":[{"embeddable":true,"href":"https:\/\/www.marokkotrend.com\/fr\/wp-json\/wp\/v2\/media\/2827"}],"wp:attachment":[{"href":"https:\/\/www.marokkotrend.com\/fr\/wp-json\/wp\/v2\/media?parent=2244"}],"curies":[{"name":"wp","href":"https:\/\/api.w.org\/{rel}","templated":true}]}}